{"id":92,"date":"2019-08-21T17:29:44","date_gmt":"2019-08-21T17:29:44","guid":{"rendered":"https:\/\/gasycalde.com\/?page_id=92"},"modified":"2019-08-28T16:09:13","modified_gmt":"2019-08-28T16:09:13","slug":"home2","status":"publish","type":"page","link":"https:\/\/gasycalde.com\/","title":{"rendered":"Home2"},"content":{"rendered":"<p>[vc_row el_id=\u00bbempresa\u00bb][vc_column][vc_column_text]<\/p>\r\n\r\n<h1 style=\"text-align: center;\">MANTENIMIENTO DE CALDERAS<\/h1>\r\n<p>\u00a0<\/p>\r\n\r\n<div class=\"wp-block-spacer\" style=\"height: 70px;\" aria-hidden=\"true\">\u00a0<\/div>\r\n<p>\u00a0<\/p>\r\n\r\n<div class=\"wp-block-columns has-2-columns\">\r\n<div class=\"wp-block-column\">\r\n<h3>Quienes Somos<\/h3>\r\n\r\n\r\n\r\n<p class=\"has-text-color has-medium-font-size\" style=\"color: #0853a2;\"><strong>Somos un empresa especializada en mantenimiento y reparaci\u00f3n de calderas de todo tipo.<\/strong><\/p>\r\n<p>\r\n\r\n<br \/>Con\u00f3cenos y descubre porque somos lideres en mantenimiento y reparaci\u00f3n de calderas. Podemos ofrecer los mejores precios ya que realizamos todos los trabajos internamente sin subcontratas. As\u00ed ofrecemos el mejor precio.<\/p>\r\n\r\n\r\n\r\n<ol>\r\n<li>Los precios de mantenimiento m\u00e1s econ\u00f3micos.<\/li>\r\n<li>Nuestros t\u00e9cnicos cuentan con gran experiencia.<\/li>\r\n<li>Gesti\u00f3n directa sin intermediarios.<\/li>\r\n<\/ol>\r\n\r\n\r\n\r\n<div class=\"wp-block-spacer\" style=\"height: 20px;\" aria-hidden=\"true\">\u00a0<\/div>\r\n\r\n\r\n\r\n<div class=\"wp-block-button is-style-default\"><a class=\"wp-block-button__link has-text-color has-background\" style=\"background-color: #1fa9e5; color: #ffffff;\" href=\"tel:900834925\">Llam\u00e1nos ahora<\/a><\/div>\r\n\r\n<p><\/p>\r\n<\/div>\r\n\r\n\r\n\r\n<div class=\"wp-block-column\">\r\n<ul class=\"wp-block-gallery columns-1 is-cropped\">\r\n<li class=\"blocks-gallery-item\">\r\n<figure><a href=\"https:\/\/gasycalde.com\/wp-content\/uploads\/2019\/08\/boiler_repair-2000x1333-1024x683.jpg\"><img loading=\"lazy\" width=\"1024\" height=\"683\" class=\"wp-image-12\" src=\"https:\/\/gasycalde.com\/wp-content\/uploads\/2019\/08\/boiler_repair-2000x1333-1024x683.jpg\" alt=\"\" data-id=\"12\" data-link=\"https:\/\/gasycalde.com\/?attachment_id=12\" srcset=\"https:\/\/gasycalde.com\/wp-content\/uploads\/2019\/08\/boiler_repair-2000x1333-1024x683.jpg 1024w, https:\/\/gasycalde.com\/wp-content\/uploads\/2019\/08\/boiler_repair-2000x1333-300x200.jpg 300w, https:\/\/gasycalde.com\/wp-content\/uploads\/2019\/08\/boiler_repair-2000x1333-768x512.jpg 768w, https:\/\/gasycalde.com\/wp-content\/uploads\/2019\/08\/boiler_repair-2000x1333.jpg 1920w\" sizes=\"(max-width: 1024px) 100vw, 1024px\" \/><\/a><\/figure>\r\n<\/li>\r\n<\/ul>\r\n<p><\/p>\r\n<\/div>\r\n<p><\/p>\r\n<\/div>\r\n<p>\u00a0<\/p>\r\n\r\n<div class=\"wp-block-spacer\" style=\"height: 20px;\" aria-hidden=\"true\">\u00a0<\/div>\r\n<p>\u00a0<\/p>\r\n<hr class=\"wp-block-separator is-style-wide\" \/>\r\n<p>\u00a0<\/p>\r\n\r\n<div class=\"wp-block-spacer\" style=\"height: 40px;\" aria-hidden=\"true\">\u00a0<\/div>\r\n<p>[\/vc_column_text][\/vc_column][\/vc_row][vc_row el_id=\u00bbrevision\u00bb][vc_column]<div id=\"ultimate-heading-187969e16849f277c\" class=\"uvc-heading ult-adjust-bottom-margin ultimate-heading-187969e16849f277c uvc-1179 \" data-hspacer=\"no_spacer\"  data-halign=\"center\" style=\"text-align:center\"><div class=\"uvc-heading-spacer no_spacer\" style=\"top\"><\/div><div class=\"uvc-main-heading ult-responsive\"  data-ultimate-target='.uvc-heading.ultimate-heading-187969e16849f277c h2'  data-responsive-json-new='{\"font-size\":\"\",\"line-height\":\"\"}' ><h2 style=\"font-weight:normal;\">Revisiones Obligatorias que Realizamos<\/h2><\/div><\/div><div class=\"ult-spacer spacer-69e16849f27e0\" data-id=\"69e16849f27e0\" data-height=\"50\" data-height-mobile=\"50\" data-height-tab=\"50\" data-height-tab-portrait=\"\" data-height-mobile-landscape=\"\" style=\"clear:both;display:block;\"><\/div>[vc_row_inner][vc_column_inner width=\u00bb1\/2&#8243;]<div id=\"ultimate-heading-980669e16849f27fe\" class=\"uvc-heading ult-adjust-bottom-margin ultimate-heading-980669e16849f27fe uvc-4901 \" data-hspacer=\"no_spacer\"  data-halign=\"center\" style=\"text-align:center\"><div class=\"uvc-heading-spacer no_spacer\" style=\"top\"><\/div><div class=\"uvc-main-heading ult-responsive\"  data-ultimate-target='.uvc-heading.ultimate-heading-980669e16849f27fe h3'  data-responsive-json-new='{\"font-size\":\"\",\"line-height\":\"\"}' ><h3 style=\"font-weight:normal;\">Revisi\u00f3n Preventiva<\/h3><\/div><div class=\"uvc-sub-heading ult-responsive\"  data-ultimate-target='.uvc-heading.ultimate-heading-980669e16849f27fe .uvc-sub-heading '  data-responsive-json-new='{\"font-size\":\"\",\"line-height\":\"\"}'  style=\"font-weight:normal;\"><\/p>\r\n<h4>La revisi\u00f3n de las calderas es obligatoria por ley seg\u00fan el RITE.<\/h4>\r\n<p>La revisi\u00f3n es obligatoria porque es necesario confirmar el buen funcionamiento de la caldera y garantizar la\u00a0seguridad y\u00a0confort de su familia.<\/p>\r\n<p>La\u00a0revisi\u00f3n de las\u00a0calderas de gas dom\u00e9sticas\u00a0(cuya potencia es menor a 70kW) es obligatoria y sirve para verificar la eficiencia energ\u00e9tica de la caldera y por tanto que las emisiones de gases de la misma sean las correctas. Esta revisi\u00f3n es de vital importancia para el correcto funcionamiento de la caldera y por lo tanto, para garantizar la seguridad y confort de los habitantes de la vivienda<\/p>\r\n<p><\/div><\/div>[\/vc_column_inner][vc_column_inner width=\u00bb1\/2&#8243;]<div id=\"ultimate-heading-916769e16849f281b\" class=\"uvc-heading ult-adjust-bottom-margin ultimate-heading-916769e16849f281b uvc-3219 \" data-hspacer=\"no_spacer\"  data-halign=\"center\" style=\"text-align:center\"><div class=\"uvc-heading-spacer no_spacer\" style=\"top\"><\/div><div class=\"uvc-main-heading ult-responsive\"  data-ultimate-target='.uvc-heading.ultimate-heading-916769e16849f281b h3'  data-responsive-json-new='{\"font-size\":\"\",\"line-height\":\"\"}' ><h3 style=\"font-weight:normal;\">Revisi\u00f3n cada 5 A\u00f1os<\/h3><\/div><div class=\"uvc-sub-heading ult-responsive\"  data-ultimate-target='.uvc-heading.ultimate-heading-916769e16849f281b .uvc-sub-heading '  data-responsive-json-new='{\"font-size\":\"\",\"line-height\":\"\"}'  style=\"font-weight:normal;\"><\/p>\r\n<h4>La revisi\u00f3n de la instalaci\u00f3n del gas<\/h4>\r\n<p>En ocasiones\u00a0se suele confundir esta revisi\u00f3n de la caldera con la inspecci\u00f3n de gas natural, que es obligatoria cada 5 a\u00f1os\u00a0, seg\u00fan lo establecido en el BOE n\u00ba 211 de 4 septiembre de 2006,\u00a0 Real Decreto 919\/2006, de 28 de julio, del Ministerio de Industria,Turismo y Comercio. La empresa gestionadora se pondr\u00e1 en contacto con el usuario cuando la inspecci\u00f3n de gas sea necesaria.<\/p>\r\n<p>En el caso del gas butano la revisi\u00f3n debe efectuarse cada 4 a\u00f1os.<\/p>\r\n<p><\/div><\/div>[\/vc_column_inner][\/vc_row_inner]<div class=\"ult-spacer spacer-69e16849f2839\" data-id=\"69e16849f2839\" data-height=\"150\" data-height-mobile=\"150\" data-height-tab=\"150\" data-height-tab-portrait=\"\" data-height-mobile-landscape=\"\" style=\"clear:both;display:block;\"><\/div>[\/vc_column][\/vc_row][vc_row el_id=\u00bbservicios\u00bb][vc_column][vc_column_text]<\/p>\r\n\r\n<h2 style=\"text-align: center;\">Nuestros Servicios de Mantenimiento<\/h2>\r\n<p>\u00a0<\/p>\r\n\r\n<div class=\"wp-block-spacer\" style=\"height: 60px;\" aria-hidden=\"true\">\u00a0<\/div>\r\n<p>\u00a0<\/p>\r\n\r\n<div class=\"wp-block-columns has-3-columns\">\r\n<div class=\"wp-block-column\">\r\n<div class=\"wp-block-image\">\r\n<figure class=\"aligncenter\"><img loading=\"lazy\" width=\"624\" height=\"417\" class=\"wp-image-24\" src=\"https:\/\/gasycalde.com\/wp-content\/uploads\/2019\/08\/plomero-alegre-que-trabaja-bano_23-2147772231.jpg\" alt=\"\" srcset=\"https:\/\/gasycalde.com\/wp-content\/uploads\/2019\/08\/plomero-alegre-que-trabaja-bano_23-2147772231.jpg 624w, https:\/\/gasycalde.com\/wp-content\/uploads\/2019\/08\/plomero-alegre-que-trabaja-bano_23-2147772231-300x200.jpg 300w\" sizes=\"(max-width: 624px) 100vw, 624px\" \/><\/figure>\r\n<\/div>\r\n\r\n\r\n\r\n<h4 style=\"text-align: center;\">Calderas de Gas<\/h4>\r\n\r\n\r\n\r\n<p style=\"text-align: center;\">Un mantenimiento de caldera preventivo hace que funcione mejor y dure mas a\u00f1os.<\/p>\r\n\r\n\r\n\r\n<div class=\"wp-block-button aligncenter is-style-default\"><a class=\"wp-block-button__link has-text-color has-background\" style=\"background-color: #d2eefa; color: #1fa7e7;\" href=\"tel:900834925\">Ll\u00e1manos<\/a><\/div>\r\n\r\n\r\n\r\n<div class=\"wp-block-spacer\" style=\"height: 40px;\" aria-hidden=\"true\">\u00a0<\/div>\r\n<p><\/p>\r\n<\/div>\r\n\r\n\r\n\r\n<div class=\"wp-block-column\">\r\n<div class=\"wp-block-image\">\r\n<figure class=\"aligncenter\"><img loading=\"lazy\" width=\"468\" height=\"313\" class=\"wp-image-33\" src=\"https:\/\/gasycalde.com\/wp-content\/uploads\/2019\/08\/calderas-de-gasoil.jpg\" alt=\"\" srcset=\"https:\/\/gasycalde.com\/wp-content\/uploads\/2019\/08\/calderas-de-gasoil.jpg 468w, https:\/\/gasycalde.com\/wp-content\/uploads\/2019\/08\/calderas-de-gasoil-300x201.jpg 300w\" sizes=\"(max-width: 468px) 100vw, 468px\" \/><\/figure>\r\n<\/div>\r\n\r\n\r\n\r\n<h4 style=\"text-align: center;\">Calderas de Gasoil<\/h4>\r\n\r\n\r\n\r\n<p style=\"text-align: center;\">Especialistas en instalaciones de gasoil, tanto para viviendas unifamiliares, comunidades de vecinos.<\/p>\r\n\r\n\r\n\r\n<div class=\"wp-block-button aligncenter is-style-default\"><a class=\"wp-block-button__link has-text-color has-background\" style=\"background-color: #d2eefa; color: #1fa7e7;\" href=\"tel:900834925\">Ll\u00e1manos<\/a><\/div>\r\n\r\n\r\n\r\n<div class=\"wp-block-spacer\" style=\"height: 40px;\" aria-hidden=\"true\">\u00a0<\/div>\r\n<p><\/p>\r\n<\/div>\r\n\r\n\r\n\r\n<div class=\"wp-block-column\">\r\n<div class=\"wp-block-image\">\r\n<figure class=\"aligncenter\"><img loading=\"lazy\" width=\"468\" height=\"313\" class=\"wp-image-31\" src=\"https:\/\/gasycalde.com\/wp-content\/uploads\/2019\/08\/calderas-de-condensacion.jpg\" alt=\"\" srcset=\"https:\/\/gasycalde.com\/wp-content\/uploads\/2019\/08\/calderas-de-condensacion.jpg 468w, https:\/\/gasycalde.com\/wp-content\/uploads\/2019\/08\/calderas-de-condensacion-300x201.jpg 300w\" sizes=\"(max-width: 468px) 100vw, 468px\" \/><\/figure>\r\n<\/div>\r\n\r\n\r\n\r\n<h4 style=\"text-align: center;\">Caldera de Condensaci\u00f3n<\/h4>\r\n\r\n\r\n\r\n<p style=\"text-align: center;\">Es la tecnolog\u00eda que mayor rendimiento proporciona y m\u00e1s respeta el medio ambiente.<\/p>\r\n\r\n\r\n\r\n<div class=\"wp-block-button aligncenter is-style-default\"><a class=\"wp-block-button__link has-text-color has-background\" style=\"background-color: #d2eefa; color: #1fa7e7;\" href=\"tel:900834925\">Ll\u00e1manos<\/a><\/div>\r\n\r\n\r\n\r\n<div class=\"wp-block-spacer\" style=\"height: 40px;\" aria-hidden=\"true\">\u00a0<\/div>\r\n<p><\/p>\r\n<\/div>\r\n<p><\/p>\r\n<\/div>\r\n<p>\u00a0<\/p>\r\n\r\n<div class=\"wp-block-columns has-3-columns\">\r\n<div class=\"wp-block-column\">\r\n<div class=\"wp-block-image\">\r\n<figure class=\"aligncenter\"><img loading=\"lazy\" width=\"468\" height=\"313\" class=\"wp-image-30\" src=\"https:\/\/gasycalde.com\/wp-content\/uploads\/2019\/08\/calderas-asesoramiento.jpg\" alt=\"\" srcset=\"https:\/\/gasycalde.com\/wp-content\/uploads\/2019\/08\/calderas-asesoramiento.jpg 468w, https:\/\/gasycalde.com\/wp-content\/uploads\/2019\/08\/calderas-asesoramiento-300x201.jpg 300w\" sizes=\"(max-width: 468px) 100vw, 468px\" \/><\/figure>\r\n<\/div>\r\n\r\n\r\n\r\n<h4 style=\"text-align: center;\">Asesoramiento Profesional<\/h4>\r\n\r\n\r\n\r\n<p style=\"text-align: center;\">Como expertos multimarca de calderas te aconsejaremos lo que mejor se adapte a tus necesidades.<\/p>\r\n\r\n\r\n\r\n<div class=\"wp-block-button aligncenter is-style-default\"><a class=\"wp-block-button__link has-text-color has-background\" style=\"background-color: #d2eefa; color: #1fa7e7;\" href=\"tel:900834925\">Ll\u00e1manos<\/a><\/div>\r\n\r\n\r\n\r\n<div class=\"wp-block-spacer\" style=\"height: 40px;\" aria-hidden=\"true\">\u00a0<\/div>\r\n<p><\/p>\r\n<\/div>\r\n\r\n\r\n\r\n<div class=\"wp-block-column\">\r\n<div class=\"wp-block-image\">\r\n<figure class=\"aligncenter\"><img loading=\"lazy\" width=\"468\" height=\"313\" class=\"wp-image-34\" src=\"https:\/\/gasycalde.com\/wp-content\/uploads\/2019\/08\/calderas-termo-y-calentadores.jpg\" alt=\"\" srcset=\"https:\/\/gasycalde.com\/wp-content\/uploads\/2019\/08\/calderas-termo-y-calentadores.jpg 468w, https:\/\/gasycalde.com\/wp-content\/uploads\/2019\/08\/calderas-termo-y-calentadores-300x201.jpg 300w\" sizes=\"(max-width: 468px) 100vw, 468px\" \/><\/figure>\r\n<\/div>\r\n\r\n\r\n\r\n<h4 style=\"text-align: center;\">Revisi\u00f3n, Reparaci\u00f3n e Instalaci\u00f3n<\/h4>\r\n\r\n\r\n\r\n<p style=\"text-align: center;\">Gasycalde instala, revisa y repara todo tipo de calderas en viviendas.<\/p>\r\n\r\n\r\n\r\n<div class=\"wp-block-button aligncenter is-style-default\"><a class=\"wp-block-button__link has-text-color has-background\" style=\"background-color: #d2eefa; color: #1fa7e7;\" href=\"tel:900834925\">Ll\u00e1manos<\/a><\/div>\r\n\r\n\r\n\r\n<div class=\"wp-block-spacer\" style=\"height: 40px;\" aria-hidden=\"true\">\u00a0<\/div>\r\n<p><\/p>\r\n<\/div>\r\n\r\n\r\n\r\n<div class=\"wp-block-column\">\r\n<div class=\"wp-block-image\">\r\n<figure class=\"aligncenter\"><img loading=\"lazy\" width=\"468\" height=\"313\" class=\"wp-image-35\" src=\"https:\/\/gasycalde.com\/wp-content\/uploads\/2019\/08\/revision-y-mantenimiento-de-calderas.jpg\" alt=\"\" srcset=\"https:\/\/gasycalde.com\/wp-content\/uploads\/2019\/08\/revision-y-mantenimiento-de-calderas.jpg 468w, https:\/\/gasycalde.com\/wp-content\/uploads\/2019\/08\/revision-y-mantenimiento-de-calderas-300x201.jpg 300w\" sizes=\"(max-width: 468px) 100vw, 468px\" \/><\/figure>\r\n<\/div>\r\n\r\n\r\n\r\n<h4 style=\"text-align: center;\">Calentadores y Termostato<\/h4>\r\n\r\n\r\n\r\n<p style=\"text-align: center;\">En Gasycalde realizamos mantenimientos e instalaciones de calentadores de gas y de termos el\u00e9ctricos.<\/p>\r\n\r\n\r\n\r\n<div class=\"wp-block-button aligncenter is-style-default\"><a class=\"wp-block-button__link has-text-color has-background\" style=\"background-color: #d2eefa; color: #1fa7e7;\" href=\"tel:900834925\">Ll\u00e1manos<\/a><\/div>\r\n\r\n\r\n\r\n<div class=\"wp-block-spacer\" style=\"height: 40px;\" aria-hidden=\"true\">\u00a0<\/div>\r\n<p><\/p>\r\n<\/div>\r\n<p><\/p>\r\n<\/div>\r\n<p>\u00a0<\/p>\r\n\r\n<div class=\"wp-block-spacer\" style=\"height: 20px;\" aria-hidden=\"true\">\u00a0<\/div>\r\n<p>\u00a0<\/p>\r\n\r\n<div class=\"wp-block-cover has-background-dim-90 has-background-dim alignfull\" style=\"background-image: url('https:\/\/gasycalde.com\/wp-content\/uploads\/2019\/08\/boiler_repair-2000x1333.jpg'); background-color: #151a63; background-position: 50.23041474654379% 50%;\">\r\n<div class=\"wp-block-cover__inner-container\">\r\n<p class=\"has-large-font-size\" style=\"text-align: center;\">\u00abTrabajamos duro para mantenernos lideres en reparaciones de calderas en hogares de toda Espa\u00f1a\u00bb<br \/>\u2014<br \/>GASYCALDE &#8211; Mantenimiento de Calderas<\/p>\r\n<p><\/p>\r\n<\/div>\r\n<\/div>\r\n<p>\u00a0<\/p>\r\n\r\n<div class=\"wp-block-spacer\" style=\"height: 40px;\" aria-hidden=\"true\">\u00a0<\/div>\r\n<p>[\/vc_column_text][\/vc_column][\/vc_row][vc_row el_id=\u00bbbeneficios\u00bb][vc_column][vc_column_text]<\/p>\r\n\r\n<h2 style=\"text-align: center;\">PORQU\u00c9 EL MANTENIMIENTO CON GASYCALDE<\/h2>\r\n<p>\u00a0<\/p>\r\n\r\n<div class=\"wp-block-spacer\" style=\"height: 60px;\" aria-hidden=\"true\">\u00a0<\/div>\r\n<p>\u00a0<\/p>\r\n\r\n<div class=\"wp-block-media-text\" style=\"grid-template-columns: 33% auto;\">\r\n<figure class=\"wp-block-media-text__media\"><img loading=\"lazy\" width=\"624\" height=\"417\" class=\"wp-image-22\" src=\"https:\/\/gasycalde.com\/wp-content\/uploads\/2019\/08\/crop-mounter-tableta_23-2147743085.jpg\" alt=\"\" srcset=\"https:\/\/gasycalde.com\/wp-content\/uploads\/2019\/08\/crop-mounter-tableta_23-2147743085.jpg 624w, https:\/\/gasycalde.com\/wp-content\/uploads\/2019\/08\/crop-mounter-tableta_23-2147743085-300x200.jpg 300w\" sizes=\"(max-width: 624px) 100vw, 624px\" \/><\/figure>\r\n<div class=\"wp-block-media-text__content\">\r\n<h3><strong>12 A\u00f1os de Experiencia<\/strong><\/h3>\r\n\r\n\r\n\r\n<p class=\"has-text-color has-medium-font-size\" style=\"color: #0853a2;\"><strong>Nuestros t\u00e9cnicos est\u00e1n altamente formados en Sistemas de Gas<\/strong><\/p>\r\n<p>\r\n\r\n<br \/>Porque, somos profesionales con dedicaci\u00f3n exclusiva y l\u00edderes en nuestro sector, y por lo tanto trasladamos a nuestros clientes experiencia como instaladores autorizados y miles de mantenimientos anuales.<\/p>\r\n<p><\/p>\r\n<\/div>\r\n<\/div>\r\n<p>\u00a0<\/p>\r\n\r\n<div class=\"wp-block-spacer\" style=\"height: 50px;\" aria-hidden=\"true\">\u00a0<\/div>\r\n<p>\u00a0<\/p>\r\n\r\n<div class=\"wp-block-media-text\" style=\"grid-template-columns: 32% auto;\">\r\n<figure class=\"wp-block-media-text__media\"><img loading=\"lazy\" width=\"626\" height=\"417\" class=\"wp-image-23\" src=\"https:\/\/gasycalde.com\/wp-content\/uploads\/2019\/08\/gente-negocios-trabajando-oficina-tableta-digital_1301-6592.jpg\" alt=\"\" srcset=\"https:\/\/gasycalde.com\/wp-content\/uploads\/2019\/08\/gente-negocios-trabajando-oficina-tableta-digital_1301-6592.jpg 626w, https:\/\/gasycalde.com\/wp-content\/uploads\/2019\/08\/gente-negocios-trabajando-oficina-tableta-digital_1301-6592-300x200.jpg 300w\" sizes=\"(max-width: 626px) 100vw, 626px\" \/><\/figure>\r\n<div class=\"wp-block-media-text__content\">\r\n<h3><strong>Gesti\u00f3n Directa Sin Intermediarios<\/strong><\/h3>\r\n\r\n\r\n\r\n<p class=\"has-text-color has-medium-font-size\" style=\"color: #0853a2;\"><strong>Nosotros recibimos tu llamada, nuestros t\u00e9cnicos acuden a tu casa<\/strong><\/p>\r\n<p>\r\n\r\n<br \/>Gasycalde se encarga de la gesti\u00f3n completa desde que llamas a nuestro numero gratuito y son nuestros t\u00e9cnicos los que acuden a tu vivienda.<\/p>\r\n<p>\r\n\r\n<br \/>Elimina intermediarios y consigue el mejor precio.<\/p>\r\n<p><\/p>\r\n<\/div>\r\n<\/div>\r\n<p>\u00a0<\/p>\r\n\r\n<div class=\"wp-block-spacer\" style=\"height: 50px;\" aria-hidden=\"true\">\u00a0<\/div>\r\n<p>\u00a0<\/p>\r\n\r\n<div class=\"wp-block-media-text\" style=\"grid-template-columns: 32% auto;\">\r\n<figure class=\"wp-block-media-text__media\"><img loading=\"lazy\" width=\"612\" height=\"452\" class=\"wp-image-21\" src=\"https:\/\/gasycalde.com\/wp-content\/uploads\/2019\/08\/co\u0301mo_ahorrar_dinero_ra\u0301pido-1-612x452.jpg\" alt=\"\" srcset=\"https:\/\/gasycalde.com\/wp-content\/uploads\/2019\/08\/co\u0301mo_ahorrar_dinero_ra\u0301pido-1-612x452.jpg 612w, https:\/\/gasycalde.com\/wp-content\/uploads\/2019\/08\/co\u0301mo_ahorrar_dinero_ra\u0301pido-1-612x452-300x222.jpg 300w\" sizes=\"(max-width: 612px) 100vw, 612px\" \/><\/figure>\r\n<div class=\"wp-block-media-text__content\">\r\n<h3><strong>Los mas Baratos del Mercado<\/strong><\/h3>\r\n\r\n\r\n\r\n<p class=\"has-text-color has-medium-font-size\" style=\"color: #0853a2;\"><strong>Gracias a nuestra gesti\u00f3n directa ofrecemos el mejor precio.<\/strong><\/p>\r\n<p>\r\n\r\n<br \/>Gracias a nuestra especializaci\u00f3n en calderas podemos optimizar procesos para que repercuta en tu precio.<\/p>\r\n<p>\r\n\r\n<br \/>Trabajamos para poderte ofrecer siempre el mejor precio.<\/p>\r\n<p><\/p>\r\n<\/div>\r\n<\/div>\r\n<p>\u00a0<\/p>\r\n\r\n<div class=\"wp-block-spacer\" style=\"height: 50px;\" aria-hidden=\"true\">\u00a0<\/div>\r\n<p>\u00a0<\/p>\r\n<hr class=\"wp-block-separator is-style-wide\" \/>\r\n<p>\u00a0<\/p>\r\n\r\n<div class=\"wp-block-spacer\" style=\"height: 40px;\" aria-hidden=\"true\">\u00a0<\/div>\r\n<p>\u00a0<\/p>\r\n\r\n<h2 style=\"text-align: center;\">Clientes satisfechos<\/h2>\r\n<p>\u00a0<\/p>\r\n\r\n<div class=\"wp-block-spacer\" style=\"height: 60px;\" aria-hidden=\"true\">\u00a0<\/div>\r\n<p>\u00a0<\/p>\r\n\r\n<div class=\"wp-block-columns has-2-columns\">\r\n<div class=\"wp-block-column\">\r\n<blockquote class=\"wp-block-quote is-style-default\">\r\n<p>Iberdrola me cobraba un sobre coste por el mantenimiento de la caldera de mi casa, desde que lo contrate con Gasycalde estoy mucho mas contento porque se que pago el mejor precio, casi la mitad que lo que pagaba antes.<\/p>\r\n<p><cite>I\u00f1igo Vallesanto &#8211; Cliente<\/cite><\/p>\r\n<\/blockquote>\r\n\r\n\r\n\r\n<div class=\"wp-block-spacer\" style=\"height: 20px;\" aria-hidden=\"true\">\u00a0<\/div>\r\n<p><\/p>\r\n<\/div>\r\n\r\n\r\n\r\n<div class=\"wp-block-column\">\r\n<blockquote class=\"wp-block-quote is-style-default\">\r\n<p>La compra (una caldera de condensaci\u00f3n) e instalaci\u00f3n ha sido a muy buen precio, la atenci\u00f3n telef\u00f3nica muy amable y eficiente, la experiencia a sido muy buena y estoy muy contento.<\/p>\r\n<p><cite>Alex Blanco &#8211; Cliente<\/cite><\/p>\r\n<\/blockquote>\r\n\r\n\r\n\r\n<div class=\"wp-block-spacer\" style=\"height: 20px;\" aria-hidden=\"true\">\u00a0<\/div>\r\n<p><\/p>\r\n<\/div>\r\n<p><\/p>\r\n<\/div>\r\n<p>\u00a0<\/p>\r\n\r\n<div class=\"wp-block-columns has-2-columns\">\r\n<div class=\"wp-block-column\">\r\n<blockquote class=\"wp-block-quote\">\r\n<p>Excelente tanto la compra como la instalacion. En 24 horas ten\u00eda al t\u00e9cnico en casa.<\/p>\r\n<p><cite>Miriam Castro &#8211; Clienta<br \/><\/cite><\/p>\r\n<\/blockquote>\r\n\r\n\r\n\r\n<div class=\"wp-block-spacer\" style=\"height: 20px;\" aria-hidden=\"true\">\u00a0<\/div>\r\n<p><\/p>\r\n<\/div>\r\n\r\n\r\n\r\n<div class=\"wp-block-column\">\r\n<blockquote class=\"wp-block-quote is-style-default\">\r\n<p>Tecnico muy r\u00e1pido y la atenci\u00f3n por parte de Mario espectacular. Me inform\u00f3 en todo momento de todos los aparatos y lo instalaron en un d\u00eda. Sin duda los recomendar\u00eda.<\/p>\r\n<p><cite>Gregorio Venedetti &#8211; Cliente<\/cite><\/p>\r\n<\/blockquote>\r\n\r\n\r\n\r\n<div class=\"wp-block-spacer\" style=\"height: 20px;\" aria-hidden=\"true\">\u00a0<\/div>\r\n<p><\/p>\r\n<\/div>\r\n<p><\/p>\r\n<\/div>\r\n<p>\u00a0<\/p>\r\n\r\n<div class=\"wp-block-button aligncenter\"><a class=\"wp-block-button__link has-text-color has-background\" style=\"background-color: #1fa7e7; color: #ffffff;\" href=\"tel:900834925\">Contactanos ahora<\/a><\/div>\r\n<p>\u00a0<\/p>\r\n\r\n<div class=\"wp-block-spacer\" style=\"height: 50px;\" aria-hidden=\"true\">\u00a0<\/div>\r\n<p>\u00a0<\/p>\r\n\r\n<div class=\"wp-block-cover has-background-dim-70 has-background-dim has-parallax alignfull\" style=\"background-image: url('https:\/\/gasycalde.com\/wp-content\/uploads\/2019\/08\/Subsidio-Gas.jpg'); background-color: #151a63;\">\r\n<div class=\"wp-block-cover__inner-container\">\r\n<p class=\"has-large-font-size\" style=\"text-align: center;\">\u00abCons\u00faltanos y te quedaras por la calidad y el precio\u00bb<br \/>\u2014<br \/>GASYCALDE &#8211; Mantenimiento de Calderas<\/p>\r\n<p><\/p>\r\n<\/div>\r\n<\/div>\r\n<p>\u00a0<\/p>\r\n\r\n<div class=\"wp-block-spacer\" style=\"height: 40px;\" aria-hidden=\"true\">\u00a0<\/div>\r\n<p>\u00a0<\/p>\r\n\r\n<h2 style=\"text-align: center;\">Trabajamos con las principales marcas<\/h2>\r\n<p>\r\n\r\n[\/vc_column_text][\/vc_column][\/vc_row][vc_row bg_type=\u00bbimage\u00bb parallax_style=\u00bbvcpb-vz-jquery\u00bb bg_image_new=\u00bbid^99|url^https:\/\/gasycalde.com\/wp-content\/uploads\/2019\/08\/telefono-romo-soporte.jpg|caption^null|alt^telefono mantenimiento de calderas|title^telefono mantenimiento de calderas|description^null\u00bb bg_image_repeat=\u00bbno-repeat\u00bb bg_image_size=\u00bbcontain\u00bb el_id=\u00bbcontacto\u00bb][vc_column][vc_column_text]<\/p>\r\n\r\n<div class=\"wp-block-spacer\" style=\"height: 100px;\" aria-hidden=\"true\">\u00a0<\/div>\r\n<p>\u00a0<\/p>\r\n\r\n<h2 style=\"text-align: center;\">Llama gratis al 900 834 925<\/h2>\r\n<p>\u00a0<\/p>\r\n\r\n<div class=\"wp-block-spacer\" style=\"height: 100px;\" aria-hidden=\"true\">\u00a0<\/div>\r\n<p>[\/vc_column_text][\/vc_column][\/vc_row][vc_row][vc_column]<div class=\"ult-spacer spacer-69e16849f2845\" data-id=\"69e16849f2845\" data-height=\"50\" data-height-mobile=\"50\" data-height-tab=\"50\" data-height-tab-portrait=\"\" data-height-mobile-landscape=\"\" style=\"clear:both;display:block;\"><\/div>[vc_column_text]<\/p>\r\n<p style=\"text-align: center;\">EMPRESA AUTORIZADA POR EL MINISTERIO DE INDUSTRIA.<\/p>\r\n<p style=\"text-align: center;\">INSTALADOR de GAS &#8211; 39-359<\/p>\r\n<p style=\"text-align: center;\">MANTENEDOR &#8211; ITE I\/M39-591<\/p>\r\n<p>[\/vc_column_text][\/vc_column][\/vc_row][vc_column][\/vc_column]<\/p>","protected":false},"excerpt":{"rendered":"<p>[vc_row el_id=\u00bbempresa\u00bb][vc_column][vc_column_text] MANTENIMIENTO DE CALDERAS \u00a0 \u00a0 Quienes Somos Somos un empresa especializada en mantenimiento y reparaci\u00f3n de calderas de todo tipo. Con\u00f3cenos y descubre porque somos lideres en mantenimiento y reparaci\u00f3n de calderas. Podemos ofrecer los mejores precios ya que realizamos todos los trabajos internamente sin subcontratas. As\u00ed ofrecemos el mejor precio. Los precios&hellip;<\/p>\n","protected":false},"author":1,"featured_media":0,"parent":0,"menu_order":0,"comment_status":"closed","ping_status":"closed","template":"","meta":[],"_links":{"self":[{"href":"https:\/\/gasycalde.com\/index.php?rest_route=\/wp\/v2\/pages\/92"}],"collection":[{"href":"https:\/\/gasycalde.com\/index.php?rest_route=\/wp\/v2\/pages"}],"about":[{"href":"https:\/\/gasycalde.com\/index.php?rest_route=\/wp\/v2\/types\/page"}],"author":[{"embeddable":true,"href":"https:\/\/gasycalde.com\/index.php?rest_route=\/wp\/v2\/users\/1"}],"replies":[{"embeddable":true,"href":"https:\/\/gasycalde.com\/index.php?rest_route=%2Fwp%2Fv2%2Fcomments&post=92"}],"version-history":[{"count":27,"href":"https:\/\/gasycalde.com\/index.php?rest_route=\/wp\/v2\/pages\/92\/revisions"}],"predecessor-version":[{"id":125,"href":"https:\/\/gasycalde.com\/index.php?rest_route=\/wp\/v2\/pages\/92\/revisions\/125"}],"wp:attachment":[{"href":"https:\/\/gasycalde.com\/index.php?rest_route=%2Fwp%2Fv2%2Fmedia&parent=92"}],"curies":[{"name":"wp","href":"https:\/\/api.w.org\/{rel}","templated":true}]}}